{"id":3,"date":"2023-03-07T01:18:34","date_gmt":"2023-03-07T01:18:34","guid":{"rendered":"https:\/\/altusconsultores.com\/?page_id=3"},"modified":"2024-01-29T22:47:46","modified_gmt":"2024-01-29T22:47:46","slug":"privacy-policy","status":"publish","type":"page","link":"https:\/\/altusconsultores.com\/index.php\/privacy-policy\/","title":{"rendered":"Privacy Policy"},"content":{"rendered":"\t\t<div data-elementor-type=\"wp-page\" data-elementor-id=\"3\" class=\"elementor elementor-3\">\n\t\t\t\t\t\t<section class=\"elementor-section elementor-top-section elementor-element elementor-element-2f2f8737 elementor-section-boxed elementor-section-height-default elementor-section-height-default\" data-id=\"2f2f8737\" data-element_type=\"section\">\n\t\t\t\t\t\t<div class=\"elementor-container elementor-column-gap-default\">\n\t\t\t\t\t<div class=\"elementor-column elementor-col-100 elementor-top-column elementor-element elementor-element-26fd59df\" data-id=\"26fd59df\" data-element_type=\"column\">\n\t\t\t<div class=\"elementor-widget-wrap elementor-element-populated\">\n\t\t\t\t\t\t<div class=\"elementor-element elementor-element-17a18d98 elementor-widget elementor-widget-text-editor\" data-id=\"17a18d98\" data-element_type=\"widget\" data-widget_type=\"text-editor.default\">\n\t\t\t\t<div class=\"elementor-widget-container\">\n\t\t\t\t\t\t\t\t\t<p><\/p>\n<p><\/p>\n<p><\/p>\n<p class=\"has-text-align-right\"><br><\/p><p class=\"has-text-align-right\"><br><\/p><p class=\"has-text-align-right\">Fecha de \u00faltima actualizaci\u00f3n: 2014<\/p>\n<p><\/p>\n<p><\/p>\n<p><\/p>\n<p><\/p>\n<p><br><\/p><p><br><\/p><p>Esta p\u00e1gina le informa de nuestras pol\u00edticas relativas a la recopilaci\u00f3n, uso y divulgaci\u00f3n de Informaci\u00f3n Personal cuando utiliza nuestro Servicio.<\/p>\n<p><\/p>\n<p><\/p>\n<p>Utilizamos su Informaci\u00f3n Personal para proporcionar y mejorar el Servicio. Al utilizar el Servicio, usted acepta la recopilaci\u00f3n y el uso de informaci\u00f3n de acuerdo con esta pol\u00edtica.<\/p>\n<p><\/p>\n<p><\/p>\n<p><\/p>\n<p><\/p>\n<h2 class=\"wp-block-heading\">Informaci\u00f3n Recopilada y Utilizada<\/h2>\n<p><\/p>\n<p><\/p>\n<p>Recopilamos diferentes tipos de informaci\u00f3n con diversos fines para proporcionar y mejorar nuestro Servicio.<\/p>\n<p><\/p>\n<p><\/p>\n<p>Tipos de Datos Recopilados<\/p>\n<p><\/p>\n<p><\/p>\n<p>\u2022   Datos Personales: Podemos recopilar su nombre, direcci\u00f3n de correo electr\u00f3nico y otros datos de identificaci\u00f3n personal que usted nos proporciona al completar formularios en nuestro sitio.<br>\u2022   Datos de Uso: Recopilamos informaci\u00f3n autom\u00e1ticamente sobre c\u00f3mo se accede y utiliza el Servicio (\u201cDatos de Uso\u201d). Estos Datos de Uso pueden incluir informaci\u00f3n como la direcci\u00f3n del Protocolo de Internet de su computadora (por ejemplo, direcci\u00f3n IP), tipo de navegador, versi\u00f3n del navegador, las p\u00e1ginas de nuestro Servicio que visita, la hora y fecha de su visita, el tiempo dedicado a esas p\u00e1ginas, identificadores \u00fanicos de dispositivos y otros datos de diagn\u00f3stico.<\/p>\n<p><\/p>\n<p><\/p>\n<h2 class=\"wp-block-heading\">Uso de Datos<\/h2>\n<p><\/p>\n<p><\/p>\n<p>Utilizamos los datos recopilados para diversos fines, incluyendo:<\/p>\n<p><\/p>\n<p><\/p>\n<p>\u2022   Proporcionar y mantener nuestro Servicio.<br>\u2022   Notificarle sobre cambios en nuestro Servicio.<br>\u2022   Permitirle participar en funciones interactivas de nuestro Servicio cuando elija hacerlo.<br>\u2022   Proporcionar asistencia al cliente.<br>\u2022   Recopilar an\u00e1lisis o informaci\u00f3n valiosa para que podamos mejorar nuestro Servicio.<br>\u2022   Monitorizar el uso de nuestro Servicio.<br>\u2022   Detectar, prevenir y abordar problemas t\u00e9cnicos.<\/p>\n<p><\/p>\n<p><\/p>\n<h2 class=\"wp-block-heading\">Divulgaci\u00f3n de Datos<\/h2>\n<p><\/p>\n<p><\/p>\n<p>Podemos divulgar Informaci\u00f3n Personal por razones legales o en cumplimiento de las leyes vigentes.<\/p>\n<p><\/p>\n<p><\/p>\n<h2 class=\"wp-block-heading\">Seguridad de Datos<\/h2>\n<p><\/p>\n<p><\/p>\n<p>La seguridad de sus datos es importante para nosotros, pero recuerde que ning\u00fan m\u00e9todo de transmisi\u00f3n a trav\u00e9s de Internet o m\u00e9todo de almacenamiento electr\u00f3nico es 100% seguro. Aunque nos esforzamos por utilizar medios comercialmente aceptables para proteger su Informaci\u00f3n Personal, no podemos garantizar su seguridad absoluta.<\/p>\n<p><\/p>\n<p><\/p>\n<h2 class=\"wp-block-heading\">Cambios en esta Pol\u00edtica de Privacidad<\/h2>\n<p><\/p>\n<p><\/p>\n<p>Podemos actualizar nuestra Pol\u00edtica de Privacidad de vez en cuando. Le notificaremos de cualquier cambio publicando la nueva Pol\u00edtica de Privacidad en esta p\u00e1gina.<\/p>\n<p><\/p>\n<p><\/p>\n<p>Le recomendamos que revise esta Pol\u00edtica de Privacidad peri\u00f3dicamente para cualquier cambio. Los cambios en esta Pol\u00edtica de Privacidad son efectivos cuando se publican en esta p\u00e1gina.<\/p>\n<p><\/p>\n<p><\/p>\n<h2 class=\"wp-block-heading\">Contacto<\/h2>\n<p><\/p>\n<p><\/p>\n<p>Si tiene alguna pregunta sobre esta Pol\u00edtica de Privacidad, cont\u00e1ctenos a trav\u00e9s de contacto@altusconsultores.com.<\/p>\n<p><\/p>\n<p><\/p>\n<p>Al utilizar nuestro Servicio, usted acepta los t\u00e9rminos de esta Pol\u00edtica de Privacidad.<\/p><p><br><\/p><p><br><\/p>\n<p><\/p>\n<p><\/p>\n<p><\/p>\n<p><\/p>\n<p><\/p>\n<p><\/p>\n<p><\/p>\t\t\t\t\t\t\t\t<\/div>\n\t\t\t\t<\/div>\n\t\t\t\t\t<\/div>\n\t\t<\/div>\n\t\t\t\t\t<\/div>\n\t\t<\/section>\n\t\t\t\t<\/div>\n\t\t","protected":false},"excerpt":{"rendered":"<p>Fecha de \u00faltima actualizaci\u00f3n: 2014 Esta p\u00e1gina le informa de nuestras pol\u00edticas relativas a la recopilaci\u00f3n, uso y divulgaci\u00f3n de Informaci\u00f3n Personal cuando utiliza nuestro Servicio. Utilizamos su Informaci\u00f3n Personal para proporcionar y mejorar el Servicio. Al utilizar el Servicio, usted acepta la recopilaci\u00f3n y el uso de informaci\u00f3n de acuerdo con esta pol\u00edtica. Informaci\u00f3n Recopilada y Utilizada Recopilamos diferentes tipos de informaci\u00f3n con diversos fines para proporcionar y mejorar nuestro Servicio. Tipos de Datos Recopilados \u2022 Datos Personales: Podemos recopilar su nombre, direcci\u00f3n de correo electr\u00f3nico y otros datos de identificaci\u00f3n personal que usted nos proporciona al completar formularios<\/p>\n","protected":false},"author":1,"featured_media":0,"parent":0,"menu_order":0,"comment_status":"closed","ping_status":"closed","template":"","meta":{"footnotes":""},"class_list":["post-3","page","type-page","status-publish","hentry"],"yoast_head":"<!-- This site is optimized with the Yoast SEO plugin v26.6 - https:\/\/yoast.com\/wordpress\/plugins\/seo\/ -->\n<title>Privacy Policy - ALTUS<\/title>\n<meta name=\"description\" content=\"Esta p\u00e1gina le informa de nuestras pol\u00edticas relativas a la recopilaci\u00f3n, uso y divulgaci\u00f3n de Informaci\u00f3n Personal cuando utiliza nuestro Servicio.\" \/>\n<meta name=\"robots\" content=\"index, follow, max-snippet:-1, max-image-preview:large, max-video-preview:-1\" \/>\n<link rel=\"canonical\" href=\"https:\/\/altusconsultores.com\/index.php\/privacy-policy\/\" \/>\n<meta property=\"og:locale\" content=\"es_ES\" \/>\n<meta property=\"og:type\" content=\"article\" \/>\n<meta property=\"og:title\" content=\"Privacy Policy - ALTUS\" \/>\n<meta property=\"og:description\" content=\"Esta p\u00e1gina le informa de nuestras pol\u00edticas relativas a la recopilaci\u00f3n, uso y divulgaci\u00f3n de Informaci\u00f3n Personal cuando utiliza nuestro Servicio.\" \/>\n<meta property=\"og:url\" content=\"https:\/\/altusconsultores.com\/index.php\/privacy-policy\/\" \/>\n<meta property=\"og:site_name\" content=\"ALTUS\" \/>\n<meta property=\"article:modified_time\" content=\"2024-01-29T22:47:46+00:00\" \/>\n<meta name=\"twitter:card\" content=\"summary_large_image\" \/>\n<meta name=\"twitter:label1\" content=\"Tiempo de lectura\" \/>\n\t<meta name=\"twitter:data1\" content=\"2 minutos\" \/>\n<script type=\"application\/ld+json\" class=\"yoast-schema-graph\">{\"@context\":\"https:\/\/schema.org\",\"@graph\":[{\"@type\":\"WebPage\",\"@id\":\"https:\/\/altusconsultores.com\/index.php\/privacy-policy\/\",\"url\":\"https:\/\/altusconsultores.com\/index.php\/privacy-policy\/\",\"name\":\"Privacy Policy - ALTUS\",\"isPartOf\":{\"@id\":\"https:\/\/altusconsultores.com\/#website\"},\"datePublished\":\"2023-03-07T01:18:34+00:00\",\"dateModified\":\"2024-01-29T22:47:46+00:00\",\"description\":\"Esta p\u00e1gina le informa de nuestras pol\u00edticas relativas a la recopilaci\u00f3n, uso y divulgaci\u00f3n de Informaci\u00f3n Personal cuando utiliza nuestro Servicio.\",\"breadcrumb\":{\"@id\":\"https:\/\/altusconsultores.com\/index.php\/privacy-policy\/#breadcrumb\"},\"inLanguage\":\"es\",\"potentialAction\":[{\"@type\":\"ReadAction\",\"target\":[\"https:\/\/altusconsultores.com\/index.php\/privacy-policy\/\"]}]},{\"@type\":\"BreadcrumbList\",\"@id\":\"https:\/\/altusconsultores.com\/index.php\/privacy-policy\/#breadcrumb\",\"itemListElement\":[{\"@type\":\"ListItem\",\"position\":1,\"name\":\"Portada\",\"item\":\"https:\/\/altusconsultores.com\/\"},{\"@type\":\"ListItem\",\"position\":2,\"name\":\"Privacy Policy\"}]},{\"@type\":\"WebSite\",\"@id\":\"https:\/\/altusconsultores.com\/#website\",\"url\":\"https:\/\/altusconsultores.com\/\",\"name\":\"ALTUS\",\"description\":\"\",\"publisher\":{\"@id\":\"https:\/\/altusconsultores.com\/#organization\"},\"potentialAction\":[{\"@type\":\"SearchAction\",\"target\":{\"@type\":\"EntryPoint\",\"urlTemplate\":\"https:\/\/altusconsultores.com\/?s={search_term_string}\"},\"query-input\":{\"@type\":\"PropertyValueSpecification\",\"valueRequired\":true,\"valueName\":\"search_term_string\"}}],\"inLanguage\":\"es\"},{\"@type\":\"Organization\",\"@id\":\"https:\/\/altusconsultores.com\/#organization\",\"name\":\"ALTUS\",\"url\":\"https:\/\/altusconsultores.com\/\",\"logo\":{\"@type\":\"ImageObject\",\"inLanguage\":\"es\",\"@id\":\"https:\/\/altusconsultores.com\/#\/schema\/logo\/image\/\",\"url\":\"https:\/\/altusconsultores.com\/wp-content\/uploads\/2023\/03\/4-edited.png\",\"contentUrl\":\"https:\/\/altusconsultores.com\/wp-content\/uploads\/2023\/03\/4-edited.png\",\"width\":272,\"height\":272,\"caption\":\"ALTUS\"},\"image\":{\"@id\":\"https:\/\/altusconsultores.com\/#\/schema\/logo\/image\/\"}}]}<\/script>\n<!-- \/ Yoast SEO plugin. -->","yoast_head_json":{"title":"Privacy Policy - ALTUS","description":"Esta p\u00e1gina le informa de nuestras pol\u00edticas relativas a la recopilaci\u00f3n, uso y divulgaci\u00f3n de Informaci\u00f3n Personal cuando utiliza nuestro Servicio.","robots":{"index":"index","follow":"follow","max-snippet":"max-snippet:-1","max-image-preview":"max-image-preview:large","max-video-preview":"max-video-preview:-1"},"canonical":"https:\/\/altusconsultores.com\/index.php\/privacy-policy\/","og_locale":"es_ES","og_type":"article","og_title":"Privacy Policy - ALTUS","og_description":"Esta p\u00e1gina le informa de nuestras pol\u00edticas relativas a la recopilaci\u00f3n, uso y divulgaci\u00f3n de Informaci\u00f3n Personal cuando utiliza nuestro Servicio.","og_url":"https:\/\/altusconsultores.com\/index.php\/privacy-policy\/","og_site_name":"ALTUS","article_modified_time":"2024-01-29T22:47:46+00:00","twitter_card":"summary_large_image","twitter_misc":{"Tiempo de lectura":"2 minutos"},"schema":{"@context":"https:\/\/schema.org","@graph":[{"@type":"WebPage","@id":"https:\/\/altusconsultores.com\/index.php\/privacy-policy\/","url":"https:\/\/altusconsultores.com\/index.php\/privacy-policy\/","name":"Privacy Policy - ALTUS","isPartOf":{"@id":"https:\/\/altusconsultores.com\/#website"},"datePublished":"2023-03-07T01:18:34+00:00","dateModified":"2024-01-29T22:47:46+00:00","description":"Esta p\u00e1gina le informa de nuestras pol\u00edticas relativas a la recopilaci\u00f3n, uso y divulgaci\u00f3n de Informaci\u00f3n Personal cuando utiliza nuestro Servicio.","breadcrumb":{"@id":"https:\/\/altusconsultores.com\/index.php\/privacy-policy\/#breadcrumb"},"inLanguage":"es","potentialAction":[{"@type":"ReadAction","target":["https:\/\/altusconsultores.com\/index.php\/privacy-policy\/"]}]},{"@type":"BreadcrumbList","@id":"https:\/\/altusconsultores.com\/index.php\/privacy-policy\/#breadcrumb","itemListElement":[{"@type":"ListItem","position":1,"name":"Portada","item":"https:\/\/altusconsultores.com\/"},{"@type":"ListItem","position":2,"name":"Privacy Policy"}]},{"@type":"WebSite","@id":"https:\/\/altusconsultores.com\/#website","url":"https:\/\/altusconsultores.com\/","name":"ALTUS","description":"","publisher":{"@id":"https:\/\/altusconsultores.com\/#organization"},"potentialAction":[{"@type":"SearchAction","target":{"@type":"EntryPoint","urlTemplate":"https:\/\/altusconsultores.com\/?s={search_term_string}"},"query-input":{"@type":"PropertyValueSpecification","valueRequired":true,"valueName":"search_term_string"}}],"inLanguage":"es"},{"@type":"Organization","@id":"https:\/\/altusconsultores.com\/#organization","name":"ALTUS","url":"https:\/\/altusconsultores.com\/","logo":{"@type":"ImageObject","inLanguage":"es","@id":"https:\/\/altusconsultores.com\/#\/schema\/logo\/image\/","url":"https:\/\/altusconsultores.com\/wp-content\/uploads\/2023\/03\/4-edited.png","contentUrl":"https:\/\/altusconsultores.com\/wp-content\/uploads\/2023\/03\/4-edited.png","width":272,"height":272,"caption":"ALTUS"},"image":{"@id":"https:\/\/altusconsultores.com\/#\/schema\/logo\/image\/"}}]}},"_links":{"self":[{"href":"https:\/\/altusconsultores.com\/index.php\/wp-json\/wp\/v2\/pages\/3","targetHints":{"allow":["GET"]}}],"collection":[{"href":"https:\/\/altusconsultores.com\/index.php\/wp-json\/wp\/v2\/pages"}],"about":[{"href":"https:\/\/altusconsultores.com\/index.php\/wp-json\/wp\/v2\/types\/page"}],"author":[{"embeddable":true,"href":"https:\/\/altusconsultores.com\/index.php\/wp-json\/wp\/v2\/users\/1"}],"replies":[{"embeddable":true,"href":"https:\/\/altusconsultores.com\/index.php\/wp-json\/wp\/v2\/comments?post=3"}],"version-history":[{"count":6,"href":"https:\/\/altusconsultores.com\/index.php\/wp-json\/wp\/v2\/pages\/3\/revisions"}],"predecessor-version":[{"id":50,"href":"https:\/\/altusconsultores.com\/index.php\/wp-json\/wp\/v2\/pages\/3\/revisions\/50"}],"wp:attachment":[{"href":"https:\/\/altusconsultores.com\/index.php\/wp-json\/wp\/v2\/media?parent=3"}],"curies":[{"name":"wp","href":"https:\/\/api.w.org\/{rel}","templated":true}]}}